{"id":2280,"date":"2020-03-26T11:33:53","date_gmt":"2020-03-26T10:33:53","guid":{"rendered":"http:\/\/www.ceipmaestrorafaelbravomartin.es\/?page_id=2280"},"modified":"2020-03-26T11:42:33","modified_gmt":"2020-03-26T10:42:33","slug":"libros-y-lecturas","status":"publish","type":"page","link":"https:\/\/www.ceipmaestrorafaelbravomartin.es\/?page_id=2280","title":{"rendered":"Libros y lecturas"},"content":{"rendered":"\n<p>Desde la biblioteca escolar os proponemos enlaces y p\u00e1ginas con muchas lecturas para todas la edades. Deseamos que os sean de utilidad en estos momentos.<\/p>\n\n\n\n<p><a href=\"https:\/\/issuu.com\/anayainfantil\/stacks\/75d07f7f0e544163a15aff93f1e13441\">Editorial Anaya intanfil y juvenil<\/a><\/p>\n\n\n\n<p><a href=\"https:\/\/issuu.com\/grupoanayasa\/stacks\/6f96ef708f4c42e4af792116cf2fa164\">Editorial Bru\u00f1o<\/a><\/p>\n\n\n\n<div class=\"wp-block-file\"><a href=\"http:\/\/www.ceipmaestrorafaelbravomartin.es\/wp-content\/uploads\/2020\/03\/Emociones-aburrimiento.pdf\">Emociones-aburrimiento<\/a><a href=\"http:\/\/www.ceipmaestrorafaelbravomartin.es\/wp-content\/uploads\/2020\/03\/Emociones-aburrimiento.pdf\" class=\"wp-block-file__button\" download>Descarga<\/a><\/div>\n\n\n\n<div class=\"wp-block-file\"><a href=\"http:\/\/www.ceipmaestrorafaelbravomartin.es\/wp-content\/uploads\/2020\/03\/Emociones-alegri\u0301a.pdf\">Emociones-alegri\u0301a<\/a><a href=\"http:\/\/www.ceipmaestrorafaelbravomartin.es\/wp-content\/uploads\/2020\/03\/Emociones-alegri\u0301a.pdf\" class=\"wp-block-file__button\" download>Descarga<\/a><\/div>\n\n\n\n<div class=\"wp-block-file\"><a href=\"http:\/\/www.ceipmaestrorafaelbravomartin.es\/wp-content\/uploads\/2020\/03\/Emociones-amor.pdf\">Emociones-amor<\/a><a href=\"http:\/\/www.ceipmaestrorafaelbravomartin.es\/wp-content\/uploads\/2020\/03\/Emociones-amor.pdf\" class=\"wp-block-file__button\" download>Descarga<\/a><\/div>\n\n\n\n<div class=\"wp-block-file\"><a href=\"http:\/\/www.ceipmaestrorafaelbravomartin.es\/wp-content\/uploads\/2020\/03\/Emociones-ilusio\u0301n.pdf\">Emociones-ilusio\u0301n<\/a><a href=\"http:\/\/www.ceipmaestrorafaelbravomartin.es\/wp-content\/uploads\/2020\/03\/Emociones-ilusio\u0301n.pdf\" class=\"wp-block-file__button\" download>Descarga<\/a><\/div>\n\n\n\n<div class=\"wp-block-file\"><a href=\"http:\/\/www.ceipmaestrorafaelbravomartin.es\/wp-content\/uploads\/2020\/03\/Emociones-miedo.pdf\">Emociones-miedo<\/a><a href=\"http:\/\/www.ceipmaestrorafaelbravomartin.es\/wp-content\/uploads\/2020\/03\/Emociones-miedo.pdf\" class=\"wp-block-file__button\" download>Descarga<\/a><\/div>\n","protected":false},"excerpt":{"rendered":"<p>Desde la biblioteca escolar os proponemos enlaces y p\u00e1ginas con muchas lecturas para todas la edades. Deseamos que os sean de utilidad en estos momentos. Editorial Anaya intanfil y juvenil Editorial Bru\u00f1o<\/p>\n","protected":false},"author":6,"featured_media":0,"parent":0,"menu_order":0,"comment_status":"closed","ping_status":"closed","template":"","meta":{"jetpack_post_was_ever_published":false,"footnotes":""},"class_list":["post-2280","page","type-page","status-publish","hentry"],"jetpack_sharing_enabled":true,"jetpack_shortlink":"https:\/\/wp.me\/P9VlHp-AM","jetpack-related-posts":[{"id":2632,"url":"https:\/\/www.ceipmaestrorafaelbravomartin.es\/?page_id=2632","url_meta":{"origin":2280,"position":0},"title":"Plan de igualdad","author":"CEIP Maestro Rafael Bravo Mart\u00edn","date":"11 mayo, 2020","format":false,"excerpt":"En nuestro Cole hemos celebrado el 8 de Marzo: \u201cD\u00eda Internacional de la Mujer\u201d realizando diferentes actividades, lecturas y juegos. Conmemorado este d\u00eda con un MURAL en colaboraci\u00f3n con nuestra AMPA en tela, a la que queremos agradecer su participaci\u00f3n y esfuerzo. Nuestro alumnado lo ha completado con diferentes siluetas\u2026","rel":"","context":"Entrada similar","block_context":{"text":"Entrada similar","link":""},"img":{"alt_text":"","src":"https:\/\/i0.wp.com\/www.ceipmaestrorafaelbravomartin.es\/wp-content\/uploads\/2022\/03\/image-1.png?resize=350%2C200&ssl=1","width":350,"height":200,"srcset":"https:\/\/i0.wp.com\/www.ceipmaestrorafaelbravomartin.es\/wp-content\/uploads\/2022\/03\/image-1.png?resize=350%2C200&ssl=1 1x, https:\/\/i0.wp.com\/www.ceipmaestrorafaelbravomartin.es\/wp-content\/uploads\/2022\/03\/image-1.png?resize=525%2C300&ssl=1 1.5x, https:\/\/i0.wp.com\/www.ceipmaestrorafaelbravomartin.es\/wp-content\/uploads\/2022\/03\/image-1.png?resize=700%2C400&ssl=1 2x, https:\/\/i0.wp.com\/www.ceipmaestrorafaelbravomartin.es\/wp-content\/uploads\/2022\/03\/image-1.png?resize=1050%2C600&ssl=1 3x"},"classes":[]},{"id":2634,"url":"https:\/\/www.ceipmaestrorafaelbravomartin.es\/?page_id=2634","url_meta":{"origin":2280,"position":1},"title":"Creciendo en salud","author":"CEIP Maestro Rafael Bravo Mart\u00edn","date":"11 mayo, 2020","format":false,"excerpt":"\u00a1En el CEIP Maestro Rafael Bravo Mart\u00edn, crememos en salud! \u00a1\u00a1Hola!! Bienvenido\/a a la parte saludable de la web del cole! Es verdad que estamos en unas circunstancias un poco excepcionales, pero no por eso hemos de dejar de lado la salud. Al fin y al cabo, un cuerpo saludable,\u2026","rel":"","context":"Entrada similar","block_context":{"text":"Entrada similar","link":""},"img":{"alt_text":"","src":"https:\/\/i0.wp.com\/img.youtube.com\/vi\/3bjggxDiXyk\/0.jpg?resize=350%2C200","width":350,"height":200},"classes":[]},{"id":2645,"url":"https:\/\/www.ceipmaestrorafaelbravomartin.es\/?page_id=2645","url_meta":{"origin":2280,"position":2},"title":"Escuela espacio de paz","author":"CEIP Maestro Rafael Bravo Mart\u00edn","date":"12 mayo, 2020","format":false,"excerpt":"\u00a1En el CEIP Rafael Bravo Mart\u00edn, educamos para la paz! Bienvenidos\/as a todos\/as a este espacio dedicado a la Educaci\u00f3n para la Paz. Si bien nuestro Centro est\u00e1 dotado de recursos suficientes para realizar una labor educativa de calidad, existiendo un ambiente sosegado y tranquilo entre el profesorado, con un\u2026","rel":"","context":"Entrada similar","block_context":{"text":"Entrada similar","link":""},"img":{"alt_text":"","src":"","width":0,"height":0},"classes":[]},{"id":2238,"url":"https:\/\/www.ceipmaestrorafaelbravomartin.es\/?page_id=2238","url_meta":{"origin":2280,"position":3},"title":"aulaDjaque","author":"CEIP Maestro Rafael Bravo Mart\u00edn","date":"23 marzo, 2020","format":false,"excerpt":"Os damos la bienvenida desde este nuevo rinc\u00f3n de Auladjaque a toda la comunidad educativa. \u00a0\u00a0\u00a0\u00a0\u00a0\u00a0\u00a0\u00a0\u00a0\u00a0\u00a0 Desde este espacio, os vamos a proponer actividades relacionadas con el ajedrez con un doble prop\u00f3sito: divertirnos y mejorar el razonamiento matem\u00e1tico. \u00a0\u00a0\u00a0\u00a0\u00a0\u00a0\u00a0\u00a0\u00a0\u00a0\u00a0 Se trata de resolver situaciones del juego encontrando en cada momento,\u2026","rel":"","context":"Entrada similar","block_context":{"text":"Entrada similar","link":""},"img":{"alt_text":"","src":"https:\/\/i0.wp.com\/www.ceipmaestrorafaelbravomartin.es\/wp-content\/uploads\/2020\/04\/46-150x150.png?resize=350%2C200&ssl=1","width":350,"height":200,"srcset":"https:\/\/i0.wp.com\/www.ceipmaestrorafaelbravomartin.es\/wp-content\/uploads\/2020\/04\/46-150x150.png?resize=350%2C200&ssl=1 1x, https:\/\/i0.wp.com\/www.ceipmaestrorafaelbravomartin.es\/wp-content\/uploads\/2020\/04\/46-150x150.png?resize=525%2C300&ssl=1 1.5x, https:\/\/i0.wp.com\/www.ceipmaestrorafaelbravomartin.es\/wp-content\/uploads\/2020\/04\/46-150x150.png?resize=700%2C400&ssl=1 2x"},"classes":[]},{"id":2834,"url":"https:\/\/www.ceipmaestrorafaelbravomartin.es\/?page_id=2834","url_meta":{"origin":2280,"position":4},"title":"Comedor escolar","author":"CEIP Maestro Rafael Bravo Mart\u00edn","date":"9 noviembre, 2020","format":false,"excerpt":"En esta secci\u00f3n os informaremos tanto del men\u00fa mensual de nuestro comedor como de las noticias relacionadas con el uso del servicio. Circular a los Padres A\u00f1o 2025-2026Descarga El horario del comedor ser\u00e1 de 14:00 a 16:00 horas. El alumnado, tanto de Infantil como de primer ciclo de Primaria, ser\u00e1\u2026","rel":"","context":"Entrada similar","block_context":{"text":"Entrada similar","link":""},"img":{"alt_text":"","src":"","width":0,"height":0},"classes":[]},{"id":382,"url":"https:\/\/www.ceipmaestrorafaelbravomartin.es\/?page_id=382","url_meta":{"origin":2280,"position":5},"title":"Proyecto Biling\u00fce","author":"CEIP Maestro Rafael Bravo Mart\u00edn","date":"4 julio, 2013","format":false,"excerpt":"Auxiliares de conversaci\u00f3n\/ Language assistant English-Information-sheet-for-LA-25.26-1Descarga En la actualidad, dada la sociedad pluriling\u00fce y multicultural en la que nos encontramos, se hace necesario el dominio de varios idiomas y el conocimiento de distintas culturas. Esto no solo nos enriquece a nivel personal, sino que favorece la inserci\u00f3n en la vida\u2026","rel":"","context":"Entrada similar","block_context":{"text":"Entrada similar","link":""},"img":{"alt_text":"","src":"","width":0,"height":0},"classes":[]}],"_links":{"self":[{"href":"https:\/\/www.ceipmaestrorafaelbravomartin.es\/index.php?rest_route=\/wp\/v2\/pages\/2280","targetHints":{"allow":["GET"]}}],"collection":[{"href":"https:\/\/www.ceipmaestrorafaelbravomartin.es\/index.php?rest_route=\/wp\/v2\/pages"}],"about":[{"href":"https:\/\/www.ceipmaestrorafaelbravomartin.es\/index.php?rest_route=\/wp\/v2\/types\/page"}],"author":[{"embeddable":true,"href":"https:\/\/www.ceipmaestrorafaelbravomartin.es\/index.php?rest_route=\/wp\/v2\/users\/6"}],"replies":[{"embeddable":true,"href":"https:\/\/www.ceipmaestrorafaelbravomartin.es\/index.php?rest_route=%2Fwp%2Fv2%2Fcomments&post=2280"}],"version-history":[{"count":2,"href":"https:\/\/www.ceipmaestrorafaelbravomartin.es\/index.php?rest_route=\/wp\/v2\/pages\/2280\/revisions"}],"predecessor-version":[{"id":2289,"href":"https:\/\/www.ceipmaestrorafaelbravomartin.es\/index.php?rest_route=\/wp\/v2\/pages\/2280\/revisions\/2289"}],"wp:attachment":[{"href":"https:\/\/www.ceipmaestrorafaelbravomartin.es\/index.php?rest_route=%2Fwp%2Fv2%2Fmedia&parent=2280"}],"curies":[{"name":"wp","href":"https:\/\/api.w.org\/{rel}","templated":true}]}}