{"id":2632,"date":"2020-05-11T13:23:30","date_gmt":"2020-05-11T11:23:30","guid":{"rendered":"http:\/\/www.ceipmaestrorafaelbravomartin.es\/?page_id=2632"},"modified":"2022-03-09T13:29:48","modified_gmt":"2022-03-09T12:29:48","slug":"plan-de-igualdad","status":"publish","type":"page","link":"https:\/\/www.ceipmaestrorafaelbravomartin.es\/?page_id=2632","title":{"rendered":"Plan de igualdad"},"content":{"rendered":"\n<figure class=\"wp-block-image size-large\"><img loading=\"lazy\" decoding=\"async\" width=\"1024\" height=\"173\" data-attachment-id=\"3246\" data-permalink=\"https:\/\/www.ceipmaestrorafaelbravomartin.es\/?attachment_id=3246\" data-orig-file=\"https:\/\/www.ceipmaestrorafaelbravomartin.es\/wp-content\/uploads\/2022\/03\/image.png\" data-orig-size=\"1175,198\" data-comments-opened=\"0\" data-image-meta=\"{&quot;aperture&quot;:&quot;0&quot;,&quot;credit&quot;:&quot;&quot;,&quot;camera&quot;:&quot;&quot;,&quot;caption&quot;:&quot;&quot;,&quot;created_timestamp&quot;:&quot;0&quot;,&quot;copyright&quot;:&quot;&quot;,&quot;focal_length&quot;:&quot;0&quot;,&quot;iso&quot;:&quot;0&quot;,&quot;shutter_speed&quot;:&quot;0&quot;,&quot;title&quot;:&quot;&quot;,&quot;orientation&quot;:&quot;0&quot;}\" data-image-title=\"image\" data-image-description=\"\" data-image-caption=\"\" data-medium-file=\"https:\/\/www.ceipmaestrorafaelbravomartin.es\/wp-content\/uploads\/2022\/03\/image-300x51.png\" data-large-file=\"https:\/\/www.ceipmaestrorafaelbravomartin.es\/wp-content\/uploads\/2022\/03\/image-1024x173.png\" src=\"http:\/\/www.ceipmaestrorafaelbravomartin.es\/wp-content\/uploads\/2022\/03\/image-1024x173.png\" alt=\"\" class=\"wp-image-3246\" srcset=\"https:\/\/www.ceipmaestrorafaelbravomartin.es\/wp-content\/uploads\/2022\/03\/image-1024x173.png 1024w, https:\/\/www.ceipmaestrorafaelbravomartin.es\/wp-content\/uploads\/2022\/03\/image-300x51.png 300w, https:\/\/www.ceipmaestrorafaelbravomartin.es\/wp-content\/uploads\/2022\/03\/image-768x129.png 768w, https:\/\/www.ceipmaestrorafaelbravomartin.es\/wp-content\/uploads\/2022\/03\/image.png 1175w\" sizes=\"auto, (max-width: 1024px) 100vw, 1024px\" \/><\/figure>\n\n\n\n<p>En nuestro Cole hemos celebrado el <strong>8 de Marzo: \u201cD\u00eda Internacional de la Mujer\u201d<\/strong> realizando diferentes actividades, lecturas y juegos.<\/p>\n\n\n\n<p>Conmemorado este d\u00eda con un MURAL en colaboraci\u00f3n con nuestra AMPA en tela, a la que queremos agradecer su participaci\u00f3n y esfuerzo. Nuestro alumnado lo ha completado con diferentes siluetas de mu\u00f1ecas repletas de palabras, frases y reflexiones en relaci\u00f3n con este d\u00eda.<\/p>\n\n\n\n<figure class=\"wp-block-image size-large\"><img loading=\"lazy\" decoding=\"async\" width=\"1024\" height=\"768\" data-attachment-id=\"3247\" data-permalink=\"https:\/\/www.ceipmaestrorafaelbravomartin.es\/?attachment_id=3247\" data-orig-file=\"https:\/\/www.ceipmaestrorafaelbravomartin.es\/wp-content\/uploads\/2022\/03\/image-1.png\" data-orig-size=\"1299,974\" data-comments-opened=\"0\" data-image-meta=\"{&quot;aperture&quot;:&quot;0&quot;,&quot;credit&quot;:&quot;&quot;,&quot;camera&quot;:&quot;&quot;,&quot;caption&quot;:&quot;&quot;,&quot;created_timestamp&quot;:&quot;0&quot;,&quot;copyright&quot;:&quot;&quot;,&quot;focal_length&quot;:&quot;0&quot;,&quot;iso&quot;:&quot;0&quot;,&quot;shutter_speed&quot;:&quot;0&quot;,&quot;title&quot;:&quot;&quot;,&quot;orientation&quot;:&quot;0&quot;}\" data-image-title=\"image-1\" data-image-description=\"\" data-image-caption=\"\" data-medium-file=\"https:\/\/www.ceipmaestrorafaelbravomartin.es\/wp-content\/uploads\/2022\/03\/image-1-300x225.png\" data-large-file=\"https:\/\/www.ceipmaestrorafaelbravomartin.es\/wp-content\/uploads\/2022\/03\/image-1-1024x768.png\" src=\"http:\/\/www.ceipmaestrorafaelbravomartin.es\/wp-content\/uploads\/2022\/03\/image-1-1024x768.png\" alt=\"\" class=\"wp-image-3247\" srcset=\"https:\/\/www.ceipmaestrorafaelbravomartin.es\/wp-content\/uploads\/2022\/03\/image-1-1024x768.png 1024w, https:\/\/www.ceipmaestrorafaelbravomartin.es\/wp-content\/uploads\/2022\/03\/image-1-300x225.png 300w, https:\/\/www.ceipmaestrorafaelbravomartin.es\/wp-content\/uploads\/2022\/03\/image-1-768x576.png 768w, https:\/\/www.ceipmaestrorafaelbravomartin.es\/wp-content\/uploads\/2022\/03\/image-1.png 1299w\" sizes=\"auto, (max-width: 1024px) 100vw, 1024px\" \/><\/figure>\n\n\n\n<p>Os dejamos algunos recursos por si quer\u00e9is disfrutar de ellos en casa:<\/p>\n\n\n\n<ul class=\"wp-block-list\"><li><strong>CUENTO<\/strong>: \u201c DANIELA PIRATA\u201d<\/li><li>&#x2620;&#x2694; DANIELA PIRATA cuentos sobre la IGUALDAD de GENERO para ni\u00f1os<\/li><\/ul>\n\n\n\n<figure class=\"wp-block-embed is-type-video is-provider-youtube wp-block-embed-youtube wp-embed-aspect-16-9 wp-has-aspect-ratio\"><div class=\"wp-block-embed__wrapper\">\n<span class=\"embed-youtube\" style=\"text-align:center; display: block;\"><iframe loading=\"lazy\" class=\"youtube-player\" width=\"750\" height=\"422\" src=\"https:\/\/www.youtube.com\/embed\/q0MOCrpid8A?version=3&#038;rel=1&#038;showsearch=0&#038;showinfo=1&#038;iv_load_policy=1&#038;fs=1&#038;hl=es-ES&#038;autohide=2&#038;wmode=transparent\" allowfullscreen=\"true\" style=\"border:0;\" sandbox=\"allow-scripts allow-same-origin allow-popups allow-presentation allow-popups-to-escape-sandbox\"><\/iframe><\/span>\n<\/div><\/figure>\n\n\n\n<ul class=\"wp-block-list\"><li><strong>JUEGOS:<\/strong><\/li><\/ul>\n\n\n\n<figure class=\"wp-block-embed is-type-wp-embed is-provider-genially wp-block-embed-genially\"><div class=\"wp-block-embed__wrapper\">\n<iframe class=\"wp-embedded-content\" sandbox=\"allow-scripts\" security=\"restricted\" title=\"SHADOWS\" frameborder='0' width='1200' height='675' src='https:\/\/view.genial.ly\/61f97e7163252e0018875187#?secret=JvrhhysXjU' data-secret='JvrhhysXjU' scrolling='yes'><\/iframe>\n<\/div><\/figure>\n\n\n\n<figure class=\"wp-block-embed is-type-wp-embed is-provider-genially wp-block-embed-genially\"><div class=\"wp-block-embed__wrapper\">\n<iframe class=\"wp-embedded-content\" sandbox=\"allow-scripts\" security=\"restricted\" title=\"COEDUCAPOLIS\" frameborder='0' width='1200' height='675' src='https:\/\/view.genial.ly\/61462ef4ae7dec0dd432cb1f#?secret=JsS07xjj6g' data-secret='JsS07xjj6g' scrolling='yes'><\/iframe>\n<\/div><\/figure>\n\n\n\n<figure class=\"wp-block-embed is-type-wp-embed is-provider-genially wp-block-embed-genially\"><div class=\"wp-block-embed__wrapper\">\n<iframe class=\"wp-embedded-content\" sandbox=\"allow-scripts\" security=\"restricted\" title=\"Qui\u00e9n es qui\u00e9n de las mujeres\" frameborder='0' width='1200' height='675' src='https:\/\/view.genial.ly\/603d5ac6d0bbb40d2ce09754#?secret=ftuaQp77Py' data-secret='ftuaQp77Py' scrolling='yes'><\/iframe>\n<\/div><\/figure>\n\n\n\n<p>M\u00aa del Carmen Mart\u00edn Mostaza.<\/p>\n\n\n\n<p>Coordinadora del Plan de Igualdad.<\/p>\n","protected":false},"excerpt":{"rendered":"<p>En nuestro Cole hemos celebrado el 8 de Marzo: \u201cD\u00eda Internacional de la Mujer\u201d realizando diferentes actividades, lecturas y juegos. Conmemorado este d\u00eda con un MURAL en colaboraci\u00f3n con nuestra AMPA en tela, a la que queremos agradecer su participaci\u00f3n y esfuerzo. Nuestro alumnado lo ha completado con diferentes siluetas [&hellip;]<\/p>\n","protected":false},"author":6,"featured_media":0,"parent":0,"menu_order":0,"comment_status":"closed","ping_status":"closed","template":"","meta":{"jetpack_post_was_ever_published":false,"footnotes":""},"class_list":["post-2632","page","type-page","status-publish","hentry"],"jetpack_sharing_enabled":true,"jetpack_shortlink":"https:\/\/wp.me\/P9VlHp-Gs","jetpack-related-posts":[{"id":2645,"url":"https:\/\/www.ceipmaestrorafaelbravomartin.es\/?page_id=2645","url_meta":{"origin":2632,"position":0},"title":"Escuela espacio de paz","author":"CEIP Maestro Rafael Bravo Mart\u00edn","date":"12 mayo, 2020","format":false,"excerpt":"\u00a1En el CEIP Rafael Bravo Mart\u00edn, educamos para la paz! Bienvenidos\/as a todos\/as a este espacio dedicado a la Educaci\u00f3n para la Paz. Si bien nuestro Centro est\u00e1 dotado de recursos suficientes para realizar una labor educativa de calidad, existiendo un ambiente sosegado y tranquilo entre el profesorado, con un\u2026","rel":"","context":"Entrada similar","block_context":{"text":"Entrada similar","link":""},"img":{"alt_text":"","src":"","width":0,"height":0},"classes":[]},{"id":3324,"url":"https:\/\/www.ceipmaestrorafaelbravomartin.es\/?page_id=3324","url_meta":{"origin":2632,"position":1},"title":"Escolarizaci\u00f3n 2026\/2027","author":"CEIP Maestro Rafael Bravo Mart\u00edn","date":"3 marzo, 2023","format":false,"excerpt":"PLAZO DE SOLICITUD: \u00a0\u00a0\u00a0 Para todos los niveles,\u00a0del 1 al 31 de marzo de 2026, ambos incluidos \u00a0\u00a0\u00a0 La Consejer\u00eda de Educaci\u00f3n y Deporte pone a su disposici\u00f3n el tel\u00e9fono 900 84 80 00 y un portal en el que acceder\u00e1 a una amplia informaci\u00f3n sobre el proceso, entre otras\u2026","rel":"","context":"Entrada similar","block_context":{"text":"Entrada similar","link":""},"img":{"alt_text":"","src":"","width":0,"height":0},"classes":[]},{"id":382,"url":"https:\/\/www.ceipmaestrorafaelbravomartin.es\/?page_id=382","url_meta":{"origin":2632,"position":2},"title":"Proyecto Biling\u00fce","author":"CEIP Maestro Rafael Bravo Mart\u00edn","date":"4 julio, 2013","format":false,"excerpt":"Auxiliares de conversaci\u00f3n\/ Language assistant English-Information-sheet-for-LA-25.26-1Descarga En la actualidad, dada la sociedad pluriling\u00fce y multicultural en la que nos encontramos, se hace necesario el dominio de varios idiomas y el conocimiento de distintas culturas. Esto no solo nos enriquece a nivel personal, sino que favorece la inserci\u00f3n en la vida\u2026","rel":"","context":"Entrada similar","block_context":{"text":"Entrada similar","link":""},"img":{"alt_text":"","src":"","width":0,"height":0},"classes":[]},{"id":384,"url":"https:\/\/www.ceipmaestrorafaelbravomartin.es\/?page_id=384","url_meta":{"origin":2632,"position":3},"title":"Proyecto TIC","author":"CEIP Maestro Rafael Bravo Mart\u00edn","date":"4 julio, 2013","format":false,"excerpt":"Se publicar\u00e1n trabajos, documentaci\u00f3n, etc. relacionados con las nuevas tecnolog\u00edas de la comunicaci\u00f3n y la informaci\u00f3n. Nuestra sociedad actual est\u00e1 caracterizada por cambios r\u00e1pidos y profundos, especialmente motivados por el desarrollo de las Nuevas Tecnolog\u00edas de la Informaci\u00f3n y el Conocimiento. La escuela no puede estar ajena a este fen\u00f3meno\u2026","rel":"","context":"Entrada similar","block_context":{"text":"Entrada similar","link":""},"img":{"alt_text":"","src":"","width":0,"height":0},"classes":[]},{"id":2634,"url":"https:\/\/www.ceipmaestrorafaelbravomartin.es\/?page_id=2634","url_meta":{"origin":2632,"position":4},"title":"Creciendo en salud","author":"CEIP Maestro Rafael Bravo Mart\u00edn","date":"11 mayo, 2020","format":false,"excerpt":"\u00a1En el CEIP Maestro Rafael Bravo Mart\u00edn, crememos en salud! \u00a1\u00a1Hola!! Bienvenido\/a a la parte saludable de la web del cole! Es verdad que estamos en unas circunstancias un poco excepcionales, pero no por eso hemos de dejar de lado la salud. Al fin y al cabo, un cuerpo saludable,\u2026","rel":"","context":"Entrada similar","block_context":{"text":"Entrada similar","link":""},"img":{"alt_text":"","src":"https:\/\/i0.wp.com\/img.youtube.com\/vi\/3bjggxDiXyk\/0.jpg?resize=350%2C200","width":350,"height":200},"classes":[]},{"id":2238,"url":"https:\/\/www.ceipmaestrorafaelbravomartin.es\/?page_id=2238","url_meta":{"origin":2632,"position":5},"title":"aulaDjaque","author":"CEIP Maestro Rafael Bravo Mart\u00edn","date":"23 marzo, 2020","format":false,"excerpt":"Os damos la bienvenida desde este nuevo rinc\u00f3n de Auladjaque a toda la comunidad educativa. \u00a0\u00a0\u00a0\u00a0\u00a0\u00a0\u00a0\u00a0\u00a0\u00a0\u00a0 Desde este espacio, os vamos a proponer actividades relacionadas con el ajedrez con un doble prop\u00f3sito: divertirnos y mejorar el razonamiento matem\u00e1tico. \u00a0\u00a0\u00a0\u00a0\u00a0\u00a0\u00a0\u00a0\u00a0\u00a0\u00a0 Se trata de resolver situaciones del juego encontrando en cada momento,\u2026","rel":"","context":"Entrada similar","block_context":{"text":"Entrada similar","link":""},"img":{"alt_text":"","src":"https:\/\/i0.wp.com\/www.ceipmaestrorafaelbravomartin.es\/wp-content\/uploads\/2020\/04\/46-150x150.png?resize=350%2C200&ssl=1","width":350,"height":200,"srcset":"https:\/\/i0.wp.com\/www.ceipmaestrorafaelbravomartin.es\/wp-content\/uploads\/2020\/04\/46-150x150.png?resize=350%2C200&ssl=1 1x, https:\/\/i0.wp.com\/www.ceipmaestrorafaelbravomartin.es\/wp-content\/uploads\/2020\/04\/46-150x150.png?resize=525%2C300&ssl=1 1.5x, https:\/\/i0.wp.com\/www.ceipmaestrorafaelbravomartin.es\/wp-content\/uploads\/2020\/04\/46-150x150.png?resize=700%2C400&ssl=1 2x"},"classes":[]}],"_links":{"self":[{"href":"https:\/\/www.ceipmaestrorafaelbravomartin.es\/index.php?rest_route=\/wp\/v2\/pages\/2632","targetHints":{"allow":["GET"]}}],"collection":[{"href":"https:\/\/www.ceipmaestrorafaelbravomartin.es\/index.php?rest_route=\/wp\/v2\/pages"}],"about":[{"href":"https:\/\/www.ceipmaestrorafaelbravomartin.es\/index.php?rest_route=\/wp\/v2\/types\/page"}],"author":[{"embeddable":true,"href":"https:\/\/www.ceipmaestrorafaelbravomartin.es\/index.php?rest_route=\/wp\/v2\/users\/6"}],"replies":[{"embeddable":true,"href":"https:\/\/www.ceipmaestrorafaelbravomartin.es\/index.php?rest_route=%2Fwp%2Fv2%2Fcomments&post=2632"}],"version-history":[{"count":3,"href":"https:\/\/www.ceipmaestrorafaelbravomartin.es\/index.php?rest_route=\/wp\/v2\/pages\/2632\/revisions"}],"predecessor-version":[{"id":3248,"href":"https:\/\/www.ceipmaestrorafaelbravomartin.es\/index.php?rest_route=\/wp\/v2\/pages\/2632\/revisions\/3248"}],"wp:attachment":[{"href":"https:\/\/www.ceipmaestrorafaelbravomartin.es\/index.php?rest_route=%2Fwp%2Fv2%2Fmedia&parent=2632"}],"curies":[{"name":"wp","href":"https:\/\/api.w.org\/{rel}","templated":true}]}}