{"id":376,"date":"2013-07-04T14:15:00","date_gmt":"2013-07-04T12:15:00","guid":{"rendered":"http:\/\/blogasuncion.es\/?page_id=376"},"modified":"2026-02-06T13:09:47","modified_gmt":"2026-02-06T12:09:47","slug":"documentos-2","status":"publish","type":"page","link":"https:\/\/www.ceipmaestrorafaelbravomartin.es\/?page_id=376","title":{"rendered":"Documentos"},"content":{"rendered":"\n<div class=\"wp-block-columns are-vertically-aligned-center is-layout-flex wp-container-core-columns-is-layout-28f84493 wp-block-columns-is-layout-flex\">\n<div class=\"wp-block-column is-vertically-aligned-center is-layout-flow wp-block-column-is-layout-flow\" style=\"flex-basis:100%\">\n<div class=\"wp-block-group\"><div class=\"wp-block-group__inner-container is-layout-constrained wp-block-group-is-layout-constrained\">\n<ul class=\"wp-block-list\">\n<li>Listado de materiales curso 2025\/2026\n<ul class=\"wp-block-list\">\n<li><a href=\"https:\/\/drive.google.com\/file\/d\/1fFRAfPjKYqSsFwSivOYfstCy5W4M0zq4\/view?usp=drive_link\">Materiales 3 a\u00f1os<\/a><\/li>\n\n\n\n<li><a href=\"https:\/\/drive.google.com\/file\/d\/1aGlyzanNZUkz9yvRsAWShQOrmFiZfXqp\/view?usp=sharing\">Materiales 4 a\u00f1os<\/a><\/li>\n\n\n\n<li><a href=\"https:\/\/drive.google.com\/file\/d\/1arVA8IyUantEJmmlBMRZuZgDXlz16vVE\/view?usp=sharing\">Materiales 5 a\u00f1os<\/a><\/li>\n\n\n\n<li><a href=\"https:\/\/drive.google.com\/file\/d\/12WEXqLI6y9Uuyz2LmhNZ3owkqUikLzHn\/view?usp=sharing\">Materiales 1\u00ba EP<\/a><\/li>\n\n\n\n<li><a href=\"https:\/\/drive.google.com\/file\/d\/1QXc1z2v1z7zTlKIx03beebCPJc49tOal\/view?usp=sharing\">Materiales 2\u00ba EP<\/a><\/li>\n\n\n\n<li><a href=\"https:\/\/drive.google.com\/file\/d\/19J0kmmDh8AarhY_yk9iOICuyRzbnQr7b\/view?usp=sharing\">Materiales 3\u00ba EP<\/a><\/li>\n\n\n\n<li><a href=\"https:\/\/drive.google.com\/file\/d\/1eMhziLeitbzw5kLNevPtzAuHu54lmSML\/view?usp=sharing\">Materiales 4\u00ba EP<\/a><\/li>\n\n\n\n<li><a href=\"https:\/\/drive.google.com\/file\/d\/1Tzcoa-bHfSKMgRzdv6cnFmTSn5wsYaYh\/view?usp=sharing\">Materiales 5\u00ba y 6\u00ba EP<\/a><\/li>\n<\/ul>\n<\/li>\n\n\n\n<li><a href=\"https:\/\/drive.google.com\/file\/d\/1sodbKTpgI5BUDoT13GTQ1_Yi4GX0yvw1\/view?usp=sharing\">Libros E. Infantil 2025\/2026<\/a><\/li>\n<\/ul>\n\n\n\n<div data-wp-interactive=\"core\/file\" class=\"wp-block-file\"><object data-wp-bind--hidden=\"!state.hasPdfPreview\" hidden class=\"wp-block-file__embed\" data=\"https:\/\/www.ceipmaestrorafaelbravomartin.es\/wp-content\/uploads\/2025\/06\/CALENDARIO-25_26F.pdf\" type=\"application\/pdf\" style=\"width:100%;height:600px\" aria-label=\"Incrustado de Calendario escolar Sevilla 25-26.\"><\/object><a id=\"wp-block-file--media-0cf46dd1-0335-4dc9-b542-d1719a400e68\" href=\"https:\/\/www.ceipmaestrorafaelbravomartin.es\/wp-content\/uploads\/2025\/06\/CALENDARIO-25_26F.pdf\">Calendario escolar Sevilla 25-26<\/a><a href=\"https:\/\/www.ceipmaestrorafaelbravomartin.es\/wp-content\/uploads\/2025\/06\/CALENDARIO-25_26F.pdf\" class=\"wp-block-file__button wp-element-button\" download aria-describedby=\"wp-block-file--media-0cf46dd1-0335-4dc9-b542-d1719a400e68\">Descarga<\/a><\/div>\n<\/div><\/div>\n<\/div>\n<\/div>\n\n\n\n<figure class=\"wp-block-image size-large\"><img loading=\"lazy\" decoding=\"async\" width=\"799\" height=\"1024\" data-attachment-id=\"3558\" data-permalink=\"https:\/\/www.ceipmaestrorafaelbravomartin.es\/?attachment_id=3558\" data-orig-file=\"https:\/\/www.ceipmaestrorafaelbravomartin.es\/wp-content\/uploads\/2026\/02\/Actividades-extraescolares-AMPA.jpeg\" data-orig-size=\"921,1181\" data-comments-opened=\"0\" data-image-meta=\"{&quot;aperture&quot;:&quot;0&quot;,&quot;credit&quot;:&quot;&quot;,&quot;camera&quot;:&quot;&quot;,&quot;caption&quot;:&quot;&quot;,&quot;created_timestamp&quot;:&quot;0&quot;,&quot;copyright&quot;:&quot;&quot;,&quot;focal_length&quot;:&quot;0&quot;,&quot;iso&quot;:&quot;0&quot;,&quot;shutter_speed&quot;:&quot;0&quot;,&quot;title&quot;:&quot;&quot;,&quot;orientation&quot;:&quot;0&quot;}\" data-image-title=\"Actividades extraescolares AMPA\" data-image-description=\"\" data-image-caption=\"\" data-medium-file=\"https:\/\/www.ceipmaestrorafaelbravomartin.es\/wp-content\/uploads\/2026\/02\/Actividades-extraescolares-AMPA-234x300.jpeg\" data-large-file=\"https:\/\/www.ceipmaestrorafaelbravomartin.es\/wp-content\/uploads\/2026\/02\/Actividades-extraescolares-AMPA-799x1024.jpeg\" src=\"https:\/\/www.ceipmaestrorafaelbravomartin.es\/wp-content\/uploads\/2026\/02\/Actividades-extraescolares-AMPA-799x1024.jpeg\" alt=\"\" class=\"wp-image-3558\" srcset=\"https:\/\/www.ceipmaestrorafaelbravomartin.es\/wp-content\/uploads\/2026\/02\/Actividades-extraescolares-AMPA-799x1024.jpeg 799w, https:\/\/www.ceipmaestrorafaelbravomartin.es\/wp-content\/uploads\/2026\/02\/Actividades-extraescolares-AMPA-234x300.jpeg 234w, https:\/\/www.ceipmaestrorafaelbravomartin.es\/wp-content\/uploads\/2026\/02\/Actividades-extraescolares-AMPA-768x985.jpeg 768w, https:\/\/www.ceipmaestrorafaelbravomartin.es\/wp-content\/uploads\/2026\/02\/Actividades-extraescolares-AMPA.jpeg 921w\" sizes=\"auto, (max-width: 799px) 100vw, 799px\" \/><\/figure>\n\n\n\n<figure class=\"wp-block-image size-large\"><img loading=\"lazy\" decoding=\"async\" width=\"1024\" height=\"724\" data-attachment-id=\"3373\" data-permalink=\"https:\/\/www.ceipmaestrorafaelbravomartin.es\/?attachment_id=3373\" data-orig-file=\"https:\/\/www.ceipmaestrorafaelbravomartin.es\/wp-content\/uploads\/2023\/07\/Triptico-AMPA.jpg\" data-orig-size=\"1600,1131\" data-comments-opened=\"0\" data-image-meta=\"{&quot;aperture&quot;:&quot;0&quot;,&quot;credit&quot;:&quot;&quot;,&quot;camera&quot;:&quot;&quot;,&quot;caption&quot;:&quot;&quot;,&quot;created_timestamp&quot;:&quot;0&quot;,&quot;copyright&quot;:&quot;&quot;,&quot;focal_length&quot;:&quot;0&quot;,&quot;iso&quot;:&quot;0&quot;,&quot;shutter_speed&quot;:&quot;0&quot;,&quot;title&quot;:&quot;&quot;,&quot;orientation&quot;:&quot;0&quot;}\" data-image-title=\"Triptico-AMPA\" data-image-description=\"\" data-image-caption=\"\" data-medium-file=\"https:\/\/www.ceipmaestrorafaelbravomartin.es\/wp-content\/uploads\/2023\/07\/Triptico-AMPA-300x212.jpg\" data-large-file=\"https:\/\/www.ceipmaestrorafaelbravomartin.es\/wp-content\/uploads\/2023\/07\/Triptico-AMPA-1024x724.jpg\" src=\"http:\/\/www.ceipmaestrorafaelbravomartin.es\/wp-content\/uploads\/2023\/07\/Triptico-AMPA-1024x724.jpg\" alt=\"\" class=\"wp-image-3373\" srcset=\"https:\/\/www.ceipmaestrorafaelbravomartin.es\/wp-content\/uploads\/2023\/07\/Triptico-AMPA-1024x724.jpg 1024w, https:\/\/www.ceipmaestrorafaelbravomartin.es\/wp-content\/uploads\/2023\/07\/Triptico-AMPA-300x212.jpg 300w, https:\/\/www.ceipmaestrorafaelbravomartin.es\/wp-content\/uploads\/2023\/07\/Triptico-AMPA-768x543.jpg 768w, https:\/\/www.ceipmaestrorafaelbravomartin.es\/wp-content\/uploads\/2023\/07\/Triptico-AMPA-1536x1086.jpg 1536w, https:\/\/www.ceipmaestrorafaelbravomartin.es\/wp-content\/uploads\/2023\/07\/Triptico-AMPA.jpg 1600w\" sizes=\"auto, (max-width: 1024px) 100vw, 1024px\" \/><\/figure>\n\n\n\n<div data-wp-interactive=\"core\/file\" class=\"wp-block-file\"><object data-wp-bind--hidden=\"!state.hasPdfPreview\" hidden class=\"wp-block-file__embed\" data=\"https:\/\/www.ceipmaestrorafaelbravomartin.es\/wp-content\/uploads\/2024\/06\/Aula-de-mediodia.pdf\" type=\"application\/pdf\" style=\"width:100%;height:600px\" aria-label=\"Incrustado de Aula de mediod\u00eda.\"><\/object><a id=\"wp-block-file--media-2bec8f09-ba48-4f10-8c7b-e4494e9cd042\" href=\"https:\/\/www.ceipmaestrorafaelbravomartin.es\/wp-content\/uploads\/2024\/06\/Aula-de-mediodia.pdf\">Aula de mediod\u00eda<\/a><a href=\"https:\/\/www.ceipmaestrorafaelbravomartin.es\/wp-content\/uploads\/2024\/06\/Aula-de-mediodia.pdf\" class=\"wp-block-file__button wp-element-button\" download aria-describedby=\"wp-block-file--media-2bec8f09-ba48-4f10-8c7b-e4494e9cd042\">Descarga<\/a><\/div>\n\n\n\n<p><a href=\"https:\/\/drive.google.com\/drive\/folders\/1FchC6hX6PSFEiwA-B8AkgM-5l0WcLcWG?usp=drive_link\" data-type=\"link\" data-id=\"https:\/\/drive.google.com\/drive\/folders\/1FchC6hX6PSFEiwA-B8AkgM-5l0WcLcWG?usp=drive_link\">Plan de centro<\/a><\/p>\n","protected":false},"excerpt":{"rendered":"<p>Plan de centro<\/p>\n","protected":false},"author":6,"featured_media":0,"parent":0,"menu_order":0,"comment_status":"closed","ping_status":"open","template":"","meta":{"jetpack_post_was_ever_published":false,"footnotes":""},"class_list":["post-376","page","type-page","status-publish","hentry"],"jetpack_sharing_enabled":true,"jetpack_shortlink":"https:\/\/wp.me\/P9VlHp-64","jetpack-related-posts":[{"id":382,"url":"https:\/\/www.ceipmaestrorafaelbravomartin.es\/?page_id=382","url_meta":{"origin":376,"position":0},"title":"Proyecto Biling\u00fce","author":"CEIP Maestro Rafael Bravo Mart\u00edn","date":"4 julio, 2013","format":false,"excerpt":"Auxiliares de conversaci\u00f3n\/ Language assistant English-Information-sheet-for-LA-25.26-1Descarga En la actualidad, dada la sociedad pluriling\u00fce y multicultural en la que nos encontramos, se hace necesario el dominio de varios idiomas y el conocimiento de distintas culturas. Esto no solo nos enriquece a nivel personal, sino que favorece la inserci\u00f3n en la vida\u2026","rel":"","context":"Entrada similar","block_context":{"text":"Entrada similar","link":""},"img":{"alt_text":"","src":"","width":0,"height":0},"classes":[]},{"id":384,"url":"https:\/\/www.ceipmaestrorafaelbravomartin.es\/?page_id=384","url_meta":{"origin":376,"position":1},"title":"Proyecto TIC","author":"CEIP Maestro Rafael Bravo Mart\u00edn","date":"4 julio, 2013","format":false,"excerpt":"Se publicar\u00e1n trabajos, documentaci\u00f3n, etc. relacionados con las nuevas tecnolog\u00edas de la comunicaci\u00f3n y la informaci\u00f3n. Nuestra sociedad actual est\u00e1 caracterizada por cambios r\u00e1pidos y profundos, especialmente motivados por el desarrollo de las Nuevas Tecnolog\u00edas de la Informaci\u00f3n y el Conocimiento. La escuela no puede estar ajena a este fen\u00f3meno\u2026","rel":"","context":"Entrada similar","block_context":{"text":"Entrada similar","link":""},"img":{"alt_text":"","src":"","width":0,"height":0},"classes":[]},{"id":2834,"url":"https:\/\/www.ceipmaestrorafaelbravomartin.es\/?page_id=2834","url_meta":{"origin":376,"position":2},"title":"Comedor escolar","author":"CEIP Maestro Rafael Bravo Mart\u00edn","date":"9 noviembre, 2020","format":false,"excerpt":"En esta secci\u00f3n os informaremos tanto del men\u00fa mensual de nuestro comedor como de las noticias relacionadas con el uso del servicio. Circular a los Padres A\u00f1o 2025-2026Descarga El horario del comedor ser\u00e1 de 14:00 a 16:00 horas. El alumnado, tanto de Infantil como de primer ciclo de Primaria, ser\u00e1\u2026","rel":"","context":"Entrada similar","block_context":{"text":"Entrada similar","link":""},"img":{"alt_text":"","src":"","width":0,"height":0},"classes":[]},{"id":2238,"url":"https:\/\/www.ceipmaestrorafaelbravomartin.es\/?page_id=2238","url_meta":{"origin":376,"position":3},"title":"aulaDjaque","author":"CEIP Maestro Rafael Bravo Mart\u00edn","date":"23 marzo, 2020","format":false,"excerpt":"Os damos la bienvenida desde este nuevo rinc\u00f3n de Auladjaque a toda la comunidad educativa. \u00a0\u00a0\u00a0\u00a0\u00a0\u00a0\u00a0\u00a0\u00a0\u00a0\u00a0 Desde este espacio, os vamos a proponer actividades relacionadas con el ajedrez con un doble prop\u00f3sito: divertirnos y mejorar el razonamiento matem\u00e1tico. \u00a0\u00a0\u00a0\u00a0\u00a0\u00a0\u00a0\u00a0\u00a0\u00a0\u00a0 Se trata de resolver situaciones del juego encontrando en cada momento,\u2026","rel":"","context":"Entrada similar","block_context":{"text":"Entrada similar","link":""},"img":{"alt_text":"","src":"https:\/\/i0.wp.com\/www.ceipmaestrorafaelbravomartin.es\/wp-content\/uploads\/2020\/04\/46-150x150.png?resize=350%2C200&ssl=1","width":350,"height":200,"srcset":"https:\/\/i0.wp.com\/www.ceipmaestrorafaelbravomartin.es\/wp-content\/uploads\/2020\/04\/46-150x150.png?resize=350%2C200&ssl=1 1x, https:\/\/i0.wp.com\/www.ceipmaestrorafaelbravomartin.es\/wp-content\/uploads\/2020\/04\/46-150x150.png?resize=525%2C300&ssl=1 1.5x, https:\/\/i0.wp.com\/www.ceipmaestrorafaelbravomartin.es\/wp-content\/uploads\/2020\/04\/46-150x150.png?resize=700%2C400&ssl=1 2x"},"classes":[]},{"id":3324,"url":"https:\/\/www.ceipmaestrorafaelbravomartin.es\/?page_id=3324","url_meta":{"origin":376,"position":4},"title":"Escolarizaci\u00f3n 2026\/2027","author":"CEIP Maestro Rafael Bravo Mart\u00edn","date":"3 marzo, 2023","format":false,"excerpt":"PLAZO DE SOLICITUD: \u00a0\u00a0\u00a0 Para todos los niveles,\u00a0del 1 al 31 de marzo de 2026, ambos incluidos \u00a0\u00a0\u00a0 La Consejer\u00eda de Educaci\u00f3n y Deporte pone a su disposici\u00f3n el tel\u00e9fono 900 84 80 00 y un portal en el que acceder\u00e1 a una amplia informaci\u00f3n sobre el proceso, entre otras\u2026","rel":"","context":"Entrada similar","block_context":{"text":"Entrada similar","link":""},"img":{"alt_text":"","src":"","width":0,"height":0},"classes":[]},{"id":2634,"url":"https:\/\/www.ceipmaestrorafaelbravomartin.es\/?page_id=2634","url_meta":{"origin":376,"position":5},"title":"Creciendo en salud","author":"CEIP Maestro Rafael Bravo Mart\u00edn","date":"11 mayo, 2020","format":false,"excerpt":"\u00a1En el CEIP Maestro Rafael Bravo Mart\u00edn, crememos en salud! \u00a1\u00a1Hola!! Bienvenido\/a a la parte saludable de la web del cole! Es verdad que estamos en unas circunstancias un poco excepcionales, pero no por eso hemos de dejar de lado la salud. Al fin y al cabo, un cuerpo saludable,\u2026","rel":"","context":"Entrada similar","block_context":{"text":"Entrada similar","link":""},"img":{"alt_text":"","src":"https:\/\/i0.wp.com\/img.youtube.com\/vi\/3bjggxDiXyk\/0.jpg?resize=350%2C200","width":350,"height":200},"classes":[]}],"_links":{"self":[{"href":"https:\/\/www.ceipmaestrorafaelbravomartin.es\/index.php?rest_route=\/wp\/v2\/pages\/376","targetHints":{"allow":["GET"]}}],"collection":[{"href":"https:\/\/www.ceipmaestrorafaelbravomartin.es\/index.php?rest_route=\/wp\/v2\/pages"}],"about":[{"href":"https:\/\/www.ceipmaestrorafaelbravomartin.es\/index.php?rest_route=\/wp\/v2\/types\/page"}],"author":[{"embeddable":true,"href":"https:\/\/www.ceipmaestrorafaelbravomartin.es\/index.php?rest_route=\/wp\/v2\/users\/6"}],"replies":[{"embeddable":true,"href":"https:\/\/www.ceipmaestrorafaelbravomartin.es\/index.php?rest_route=%2Fwp%2Fv2%2Fcomments&post=376"}],"version-history":[{"count":57,"href":"https:\/\/www.ceipmaestrorafaelbravomartin.es\/index.php?rest_route=\/wp\/v2\/pages\/376\/revisions"}],"predecessor-version":[{"id":3559,"href":"https:\/\/www.ceipmaestrorafaelbravomartin.es\/index.php?rest_route=\/wp\/v2\/pages\/376\/revisions\/3559"}],"wp:attachment":[{"href":"https:\/\/www.ceipmaestrorafaelbravomartin.es\/index.php?rest_route=%2Fwp%2Fv2%2Fmedia&parent=376"}],"curies":[{"name":"wp","href":"https:\/\/api.w.org\/{rel}","templated":true}]}}