{"id":378,"date":"2013-07-04T14:15:23","date_gmt":"2013-07-04T12:15:23","guid":{"rendered":"http:\/\/blogasuncion.es\/?page_id=378"},"modified":"2021-03-17T13:08:38","modified_gmt":"2021-03-17T12:08:38","slug":"contacta","status":"publish","type":"page","link":"https:\/\/www.ceipmaestrorafaelbravomartin.es\/?page_id=378","title":{"rendered":"Contacta"},"content":{"rendered":"<p>Nos encontramos en:<\/p>\n<ul>\n<li style=\"text-align: left;\">c\/ Huertecilla, s\/n. Alcal\u00e1 del R\u00edo, Sevilla<\/li>\n<\/ul>\n<p>Tel\u00e9fonos de contacto:<\/p>\n<ul>\n<li style=\"text-align: left;\">955622298\/ 97<\/li>\n<\/ul>\n<p>Email:<\/p>\n<ul>\n<li>administracion@ceipmaestrorafaelbravomartin.es<\/li>\n<li>41000338.edu@juntadeandalucia.es<\/li>\n<\/ul>\n<p style=\"text-align: center;\"><strong>La atenci\u00f3n al p\u00fablico ser\u00e1 mediante cita previa.<\/strong><\/p>\n<h6 align=\"center\" style=\"text-align: center;\"><\/h6>\n<p><iframe loading=\"lazy\" width=\"600\" height=\"450\" style=\"border: 0;\" allowfullscreen=\"allowfullscreen\" frameborder=\"0\" src=\"https:\/\/www.google.com\/maps\/embed?pb=!1m18!1m12!1m3!1d3164.390548958666!2d-5.98301404884568!3d37.52228997970707!2m3!1f0!2f0!3f0!3m2!1i1024!2i768!4f13.1!3m3!1m2!1s0xd124229abbc5ba7%3A0xea4cc2cea0d89909!2sC+E+I+P+Maestro+Rafael+Bravo+Mart%C3%ADn!5e0!3m2!1sen!2ses!4v1462955483228\"><\/iframe><\/p>\n","protected":false},"excerpt":{"rendered":"<p>Nos encontramos en: c\/ Huertecilla, s\/n. Alcal\u00e1 del R\u00edo, Sevilla Tel\u00e9fonos de contacto: 955622298\/ 97 Email: administracion@ceipmaestrorafaelbravomartin.es 41000338.edu@juntadeandalucia.es La atenci\u00f3n al p\u00fablico ser\u00e1 mediante cita previa.<\/p>\n","protected":false},"author":4,"featured_media":0,"parent":0,"menu_order":0,"comment_status":"closed","ping_status":"closed","template":"","meta":{"jetpack_post_was_ever_published":false,"footnotes":""},"class_list":["post-378","page","type-page","status-publish","hentry"],"jetpack_sharing_enabled":true,"jetpack_shortlink":"https:\/\/wp.me\/P9VlHp-66","jetpack-related-posts":[],"_links":{"self":[{"href":"https:\/\/www.ceipmaestrorafaelbravomartin.es\/index.php?rest_route=\/wp\/v2\/pages\/378","targetHints":{"allow":["GET"]}}],"collection":[{"href":"https:\/\/www.ceipmaestrorafaelbravomartin.es\/index.php?rest_route=\/wp\/v2\/pages"}],"about":[{"href":"https:\/\/www.ceipmaestrorafaelbravomartin.es\/index.php?rest_route=\/wp\/v2\/types\/page"}],"author":[{"embeddable":true,"href":"https:\/\/www.ceipmaestrorafaelbravomartin.es\/index.php?rest_route=\/wp\/v2\/users\/4"}],"replies":[{"embeddable":true,"href":"https:\/\/www.ceipmaestrorafaelbravomartin.es\/index.php?rest_route=%2Fwp%2Fv2%2Fcomments&post=378"}],"version-history":[{"count":15,"href":"https:\/\/www.ceipmaestrorafaelbravomartin.es\/index.php?rest_route=\/wp\/v2\/pages\/378\/revisions"}],"predecessor-version":[{"id":3023,"href":"https:\/\/www.ceipmaestrorafaelbravomartin.es\/index.php?rest_route=\/wp\/v2\/pages\/378\/revisions\/3023"}],"wp:attachment":[{"href":"https:\/\/www.ceipmaestrorafaelbravomartin.es\/index.php?rest_route=%2Fwp%2Fv2%2Fmedia&parent=378"}],"curies":[{"name":"wp","href":"https:\/\/api.w.org\/{rel}","templated":true}]}}