{"id":382,"date":"2013-07-04T18:55:59","date_gmt":"2013-07-04T16:55:59","guid":{"rendered":"http:\/\/blogasuncion.es\/?page_id=382"},"modified":"2025-03-04T10:53:23","modified_gmt":"2025-03-04T09:53:23","slug":"proyecto-bilingue","status":"publish","type":"page","link":"https:\/\/www.ceipmaestrorafaelbravomartin.es\/?page_id=382","title":{"rendered":"Proyecto Biling\u00fce"},"content":{"rendered":"\n<p class=\"has-text-align-center\"><strong><em><span style=\"background-color:rgba(0, 0, 0, 0)\" class=\"has-inline-color has-accent-color\">Auxiliares de conversaci\u00f3n<\/span><\/em>\/ Language assistant<\/strong><\/p>\n\n\n\n<div data-wp-interactive=\"core\/file\" class=\"wp-block-file\"><object data-wp-bind--hidden=\"!state.hasPdfPreview\" hidden class=\"wp-block-file__embed\" data=\"https:\/\/www.ceipmaestrorafaelbravomartin.es\/wp-content\/uploads\/2025\/03\/English-Information-sheet-for-LA-25.26-1.pdf\" type=\"application\/pdf\" style=\"width:100%;height:600px\" aria-label=\"Incrustado de English-Information-sheet-for-LA-25.26-1.\"><\/object><a id=\"wp-block-file--media-a29ba295-a199-4b50-bbce-bf574f8cd812\" href=\"https:\/\/www.ceipmaestrorafaelbravomartin.es\/wp-content\/uploads\/2025\/03\/English-Information-sheet-for-LA-25.26-1.pdf\">English-Information-sheet-for-LA-25.26-1<\/a><a href=\"https:\/\/www.ceipmaestrorafaelbravomartin.es\/wp-content\/uploads\/2025\/03\/English-Information-sheet-for-LA-25.26-1.pdf\" class=\"wp-block-file__button wp-element-button\" download aria-describedby=\"wp-block-file--media-a29ba295-a199-4b50-bbce-bf574f8cd812\">Descarga<\/a><\/div>\n\n\n\n<p><\/p>\n\n\n\n<hr class=\"wp-block-separator has-css-opacity\"\/>\n\n\n\n<p>En la actualidad, dada la sociedad pluriling\u00fce y multicultural en la que nos encontramos, se hace necesario el dominio de varios idiomas y el conocimiento de distintas culturas. Esto no solo nos enriquece a nivel personal, sino que favorece la inserci\u00f3n en la vida laboral y facilita la convivencia de distintas culturas en un mismo contexto. Nuestra intenci\u00f3n es dotar a nuestro alumnado de la mejor formaci\u00f3n posible facilit\u00e1ndoles, por ello, las herramientas necesarias para desenvolverse en la sociedad actual. Para hacer de lo anteriormente citado una realidad, contamos con distintos Proyectos, Planes y Programas Educativos, a los que durante el curso 2009-2010 se sum\u00f3 el Proyecto Biling\u00fce. <\/p>\n\n\n\n<p>&nbsp;&nbsp;&nbsp;&nbsp;&nbsp;&nbsp;&nbsp;&nbsp;&nbsp;&nbsp;&nbsp; En este Centro\nla ense\u00f1anza biling\u00fce se desarrolla a lo largo de toda la etapa educativa y,\naunque oficialmente comienza en el primer curso de Primaria, contamos con la\nanticipaci\u00f3n ling\u00fc\u00edstica del idioma ingl\u00e9s desde la etapa de Infantil,\nconcretamente desde los 3 a\u00f1os. Una vez iniciada la etapa de Primaria, el\nalumnado, adem\u00e1s de la ense\u00f1anza del Ingl\u00e9s, aprende en dicha lengua otras\nasignaturas: Ciencias Naturales, Ciencias Sociales, Educaci\u00f3n Art\u00edstica\n(Pl\u00e1stica y M\u00fasica) y Educaci\u00f3n F\u00edsica (actualmente en el primer y segundo\nciclo). &nbsp;La lengua inglesa pasa a ser una lengua\ninstrumental, vehicular y de aprendizaje, igual que la lengua materna. Es muy\nimportante subrayar que la ense\u00f1anza biling\u00fce es un programa dirigido a todo el\nalumnado. Esto quiere decir que nuestro proyecto contempla la atenci\u00f3n a\naquellos alumnos y alumnas que presentan necesidades espec\u00edficas de apoyo\neducativo. Gracias a este proyecto, contamos con\nun\/a auxiliar ling\u00fc\u00edstico\/a, procedente de un pa\u00eds de habla inglesa, que cada\na\u00f1o permanece en el Centro desde octubre a mayo. El\/la auxiliar ling\u00fc\u00edstico\nproporciona al alumnado un modelo de correcci\u00f3n fon\u00e9tica y gramatical,\nreforzando sus destrezas orales, y le acerca a la cultura de su pa\u00eds de origen.\n<\/p>\n\n\n\n<p>&nbsp;&nbsp;&nbsp;&nbsp;&nbsp;&nbsp;&nbsp;&nbsp;&nbsp;&nbsp;&nbsp; Un reciente\nestudio sobre la educaci\u00f3n biling\u00fce en Andaluc\u00eda concluye que, tanto en\nEducaci\u00f3n Primaria como en la Educaci\u00f3n Secundaria Obligatoria, el alumnado\nbiling\u00fce obtiene resultados significativamente superiores en las destrezas\nling\u00fc\u00edsticas en la lengua extranjera, frente al alumnado no biling\u00fce. Y no solo\nesto, adem\u00e1s, el programa biling\u00fce beneficia el aprendizaje de la lengua\ncastellana.&nbsp;&nbsp; &nbsp;&nbsp;&nbsp;&nbsp;&nbsp;&nbsp;&nbsp;&nbsp;&nbsp;&nbsp;&nbsp;&nbsp;&nbsp;&nbsp;&nbsp;&nbsp;&nbsp;&nbsp;&nbsp;&nbsp;&nbsp;&nbsp;&nbsp; <\/p>\n\n\n\n<p>&nbsp;&nbsp;&nbsp;&nbsp;&nbsp;&nbsp;&nbsp;&nbsp;&nbsp;&nbsp;&nbsp; Sin ninguna\nduda, podemos sentirnos orgullosos\/as de que nuestro colegio, el CEIP Maestro\nRafael Bravo Mart\u00edn, sea un centro biling\u00fce.<\/p>\n\n\n\n<p>&nbsp;&nbsp;&nbsp;&nbsp;&nbsp;&nbsp;&nbsp;&nbsp;&nbsp;&nbsp;&nbsp;&nbsp;&nbsp;&nbsp;&nbsp;&nbsp;&nbsp;&nbsp;&nbsp;&nbsp;&nbsp;&nbsp;&nbsp;&nbsp;&nbsp;&nbsp;&nbsp;&nbsp;&nbsp;&nbsp;&nbsp;&nbsp;&nbsp;&nbsp;&nbsp;&nbsp;&nbsp;&nbsp;&nbsp;&nbsp;&nbsp;&nbsp;&nbsp;&nbsp;&nbsp;&nbsp;&nbsp;&nbsp;&nbsp;&nbsp;&nbsp;&nbsp;&nbsp;&nbsp;&nbsp;&nbsp;&nbsp;&nbsp;&nbsp;&nbsp;&nbsp;&nbsp;&nbsp;&nbsp;&nbsp;&nbsp;&nbsp;&nbsp;&nbsp;&nbsp;&nbsp;&nbsp;&nbsp;&nbsp;&nbsp;&nbsp;&nbsp;&nbsp;&nbsp;&nbsp;&nbsp;&nbsp;&nbsp;&nbsp;&nbsp;&nbsp;&nbsp;&nbsp;&nbsp;&nbsp;&nbsp;&nbsp;&nbsp; La\ncoordinadora,<\/p>\n\n\n\n<p>\u00a0\u00a0\u00a0\u00a0\u00a0\u00a0\u00a0\u00a0\u00a0\u00a0\u00a0\u00a0\u00a0\u00a0\u00a0\u00a0\u00a0\u00a0\u00a0\u00a0\u00a0\u00a0\u00a0\u00a0\u00a0\u00a0\u00a0\u00a0\u00a0\u00a0\u00a0\u00a0\u00a0\u00a0\u00a0\u00a0\u00a0\u00a0\u00a0\u00a0\u00a0\u00a0\u00a0\u00a0\u00a0\u00a0\u00a0\u00a0\u00a0\u00a0\u00a0\u00a0\u00a0\u00a0\u00a0\u00a0\u00a0\u00a0\u00a0\u00a0\u00a0\u00a0\u00a0\u00a0\u00a0\u00a0\u00a0\u00a0\u00a0\u00a0\u00a0\u00a0\u00a0\u00a0\u00a0\u00a0\u00a0\u00a0\u00a0\u00a0\u00a0\u00a0\u00a0\u00a0\u00a0\u00a0\u00a0 Rafaela Campos Majar\u00f3n <\/p>\n","protected":false},"excerpt":{"rendered":"<p>Auxiliares de conversaci\u00f3n\/ Language assistant En la actualidad, dada la sociedad pluriling\u00fce y multicultural en la que nos encontramos, se hace necesario el dominio de varios idiomas y el conocimiento de distintas culturas. Esto no solo nos enriquece a nivel personal, sino que favorece la inserci\u00f3n en la vida laboral [&hellip;]<\/p>\n","protected":false},"author":6,"featured_media":0,"parent":0,"menu_order":0,"comment_status":"closed","ping_status":"closed","template":"","meta":{"jetpack_post_was_ever_published":false,"footnotes":""},"class_list":["post-382","page","type-page","status-publish","hentry"],"jetpack_sharing_enabled":true,"jetpack_shortlink":"https:\/\/wp.me\/P9VlHp-6a","jetpack-related-posts":[{"id":384,"url":"https:\/\/www.ceipmaestrorafaelbravomartin.es\/?page_id=384","url_meta":{"origin":382,"position":0},"title":"Proyecto TIC","author":"CEIP Maestro Rafael Bravo Mart\u00edn","date":"4 julio, 2013","format":false,"excerpt":"Se publicar\u00e1n trabajos, documentaci\u00f3n, etc. relacionados con las nuevas tecnolog\u00edas de la comunicaci\u00f3n y la informaci\u00f3n. Nuestra sociedad actual est\u00e1 caracterizada por cambios r\u00e1pidos y profundos, especialmente motivados por el desarrollo de las Nuevas Tecnolog\u00edas de la Informaci\u00f3n y el Conocimiento. La escuela no puede estar ajena a este fen\u00f3meno\u2026","rel":"","context":"Entrada similar","block_context":{"text":"Entrada similar","link":""},"img":{"alt_text":"","src":"","width":0,"height":0},"classes":[]},{"id":3324,"url":"https:\/\/www.ceipmaestrorafaelbravomartin.es\/?page_id=3324","url_meta":{"origin":382,"position":1},"title":"Escolarizaci\u00f3n 2026\/2027","author":"CEIP Maestro Rafael Bravo Mart\u00edn","date":"3 marzo, 2023","format":false,"excerpt":"PLAZO DE SOLICITUD: \u00a0\u00a0\u00a0 Para todos los niveles,\u00a0del 1 al 31 de marzo de 2026, ambos incluidos \u00a0\u00a0\u00a0 La Consejer\u00eda de Educaci\u00f3n y Deporte pone a su disposici\u00f3n el tel\u00e9fono 900 84 80 00 y un portal en el que acceder\u00e1 a una amplia informaci\u00f3n sobre el proceso, entre otras\u2026","rel":"","context":"Entrada similar","block_context":{"text":"Entrada similar","link":""},"img":{"alt_text":"","src":"","width":0,"height":0},"classes":[]},{"id":2238,"url":"https:\/\/www.ceipmaestrorafaelbravomartin.es\/?page_id=2238","url_meta":{"origin":382,"position":2},"title":"aulaDjaque","author":"CEIP Maestro Rafael Bravo Mart\u00edn","date":"23 marzo, 2020","format":false,"excerpt":"Os damos la bienvenida desde este nuevo rinc\u00f3n de Auladjaque a toda la comunidad educativa. \u00a0\u00a0\u00a0\u00a0\u00a0\u00a0\u00a0\u00a0\u00a0\u00a0\u00a0 Desde este espacio, os vamos a proponer actividades relacionadas con el ajedrez con un doble prop\u00f3sito: divertirnos y mejorar el razonamiento matem\u00e1tico. \u00a0\u00a0\u00a0\u00a0\u00a0\u00a0\u00a0\u00a0\u00a0\u00a0\u00a0 Se trata de resolver situaciones del juego encontrando en cada momento,\u2026","rel":"","context":"Entrada similar","block_context":{"text":"Entrada similar","link":""},"img":{"alt_text":"","src":"https:\/\/i0.wp.com\/www.ceipmaestrorafaelbravomartin.es\/wp-content\/uploads\/2020\/04\/46-150x150.png?resize=350%2C200&ssl=1","width":350,"height":200,"srcset":"https:\/\/i0.wp.com\/www.ceipmaestrorafaelbravomartin.es\/wp-content\/uploads\/2020\/04\/46-150x150.png?resize=350%2C200&ssl=1 1x, https:\/\/i0.wp.com\/www.ceipmaestrorafaelbravomartin.es\/wp-content\/uploads\/2020\/04\/46-150x150.png?resize=525%2C300&ssl=1 1.5x, https:\/\/i0.wp.com\/www.ceipmaestrorafaelbravomartin.es\/wp-content\/uploads\/2020\/04\/46-150x150.png?resize=700%2C400&ssl=1 2x"},"classes":[]},{"id":2645,"url":"https:\/\/www.ceipmaestrorafaelbravomartin.es\/?page_id=2645","url_meta":{"origin":382,"position":3},"title":"Escuela espacio de paz","author":"CEIP Maestro Rafael Bravo Mart\u00edn","date":"12 mayo, 2020","format":false,"excerpt":"\u00a1En el CEIP Rafael Bravo Mart\u00edn, educamos para la paz! Bienvenidos\/as a todos\/as a este espacio dedicado a la Educaci\u00f3n para la Paz. Si bien nuestro Centro est\u00e1 dotado de recursos suficientes para realizar una labor educativa de calidad, existiendo un ambiente sosegado y tranquilo entre el profesorado, con un\u2026","rel":"","context":"Entrada similar","block_context":{"text":"Entrada similar","link":""},"img":{"alt_text":"","src":"","width":0,"height":0},"classes":[]},{"id":2834,"url":"https:\/\/www.ceipmaestrorafaelbravomartin.es\/?page_id=2834","url_meta":{"origin":382,"position":4},"title":"Comedor escolar","author":"CEIP Maestro Rafael Bravo Mart\u00edn","date":"9 noviembre, 2020","format":false,"excerpt":"En esta secci\u00f3n os informaremos tanto del men\u00fa mensual de nuestro comedor como de las noticias relacionadas con el uso del servicio. Circular a los Padres A\u00f1o 2025-2026Descarga El horario del comedor ser\u00e1 de 14:00 a 16:00 horas. El alumnado, tanto de Infantil como de primer ciclo de Primaria, ser\u00e1\u2026","rel":"","context":"Entrada similar","block_context":{"text":"Entrada similar","link":""},"img":{"alt_text":"","src":"","width":0,"height":0},"classes":[]},{"id":2634,"url":"https:\/\/www.ceipmaestrorafaelbravomartin.es\/?page_id=2634","url_meta":{"origin":382,"position":5},"title":"Creciendo en salud","author":"CEIP Maestro Rafael Bravo Mart\u00edn","date":"11 mayo, 2020","format":false,"excerpt":"\u00a1En el CEIP Maestro Rafael Bravo Mart\u00edn, crememos en salud! \u00a1\u00a1Hola!! Bienvenido\/a a la parte saludable de la web del cole! Es verdad que estamos en unas circunstancias un poco excepcionales, pero no por eso hemos de dejar de lado la salud. Al fin y al cabo, un cuerpo saludable,\u2026","rel":"","context":"Entrada similar","block_context":{"text":"Entrada similar","link":""},"img":{"alt_text":"","src":"https:\/\/i0.wp.com\/img.youtube.com\/vi\/3bjggxDiXyk\/0.jpg?resize=350%2C200","width":350,"height":200},"classes":[]}],"_links":{"self":[{"href":"https:\/\/www.ceipmaestrorafaelbravomartin.es\/index.php?rest_route=\/wp\/v2\/pages\/382","targetHints":{"allow":["GET"]}}],"collection":[{"href":"https:\/\/www.ceipmaestrorafaelbravomartin.es\/index.php?rest_route=\/wp\/v2\/pages"}],"about":[{"href":"https:\/\/www.ceipmaestrorafaelbravomartin.es\/index.php?rest_route=\/wp\/v2\/types\/page"}],"author":[{"embeddable":true,"href":"https:\/\/www.ceipmaestrorafaelbravomartin.es\/index.php?rest_route=\/wp\/v2\/users\/6"}],"replies":[{"embeddable":true,"href":"https:\/\/www.ceipmaestrorafaelbravomartin.es\/index.php?rest_route=%2Fwp%2Fv2%2Fcomments&post=382"}],"version-history":[{"count":14,"href":"https:\/\/www.ceipmaestrorafaelbravomartin.es\/index.php?rest_route=\/wp\/v2\/pages\/382\/revisions"}],"predecessor-version":[{"id":3524,"href":"https:\/\/www.ceipmaestrorafaelbravomartin.es\/index.php?rest_route=\/wp\/v2\/pages\/382\/revisions\/3524"}],"wp:attachment":[{"href":"https:\/\/www.ceipmaestrorafaelbravomartin.es\/index.php?rest_route=%2Fwp%2Fv2%2Fmedia&parent=382"}],"curies":[{"name":"wp","href":"https:\/\/api.w.org\/{rel}","templated":true}]}}